{"id":508,"date":"2021-09-26T15:20:01","date_gmt":"2021-09-26T15:20:01","guid":{"rendered":"https:\/\/www.makeanimation.it\/?page_id=508"},"modified":"2023-11-11T19:45:05","modified_gmt":"2023-11-11T19:45:05","slug":"about-us","status":"publish","type":"page","link":"https:\/\/www.makeanimation.it\/es\/about-us\/","title":{"rendered":"about us"},"content":{"rendered":"<div data-elementor-type=\"wp-page\" data-elementor-id=\"508\" class=\"elementor elementor-508\" data-elementor-settings=\"[]\">\n\t\t\t\t\t\t<div class=\"elementor-inner\">\n\t\t\t\t\t\t\t<div class=\"elementor-section-wrap\">\n\t\t\t\t\t\t\t<section class=\"elementor-section elementor-top-section elementor-element elementor-element-69a185e elementor-section-full_width elementor-section-content-middle elementor-section-stretched elementor-section-height-min-height elementor-section-items-top elementor-section-height-default\" data-id=\"69a185e\" data-element_type=\"section\" data-settings=\"{&quot;stretch_section&quot;:&quot;section-stretched&quot;,&quot;background_background&quot;:&quot;classic&quot;}\">\n\t\t\t\t\t\t\t<div class=\"elementor-background-overlay\"><\/div>\n\t\t\t\t\t\t\t<div class=\"elementor-container elementor-column-gap-default\">\n\t\t\t\t\t\t\t<div class=\"elementor-row\">\n\t\t\t\t\t<div class=\"elementor-column elementor-col-50 elementor-top-column elementor-element elementor-element-9114818\" data-id=\"9114818\" data-element_type=\"column\" data-settings=\"{&quot;background_background&quot;:&quot;classic&quot;}\">\n\t\t\t<div class=\"elementor-column-wrap elementor-element-populated\">\n\t\t\t\t\t\t\t<div class=\"elementor-widget-wrap\">\n\t\t\t\t\t\t<div class=\"elementor-element elementor-element-bfd8826 elementor-hidden-mobile elementor-widget elementor-widget-image\" data-id=\"bfd8826\" data-element_type=\"widget\" data-widget_type=\"image.default\">\n\t\t\t\t<div class=\"elementor-widget-container\">\n\t\t\t\t\t\t\t\t<div class=\"elementor-image\">\n\t\t\t\t\t\t\t\t\t\t\t\t\t<a href=\"https:\/\/www.makeanimation.it\/es\/\">\n\t\t\t\t\t\t\t<img loading=\"lazy\" decoding=\"async\" width=\"300\" height=\"265\" src=\"https:\/\/www.makeanimation.it\/wp-content\/uploads\/2023\/11\/grande-300x265.png\" class=\"attachment-medium size-medium\" alt=\"\" srcset=\"https:\/\/www.makeanimation.it\/wp-content\/uploads\/2023\/11\/grande-300x265.png 300w, https:\/\/www.makeanimation.it\/wp-content\/uploads\/2023\/11\/grande-768x677.png 768w, https:\/\/www.makeanimation.it\/wp-content\/uploads\/2023\/11\/grande-14x12.png 14w, https:\/\/www.makeanimation.it\/wp-content\/uploads\/2023\/11\/grande.png 770w\" sizes=\"auto, (max-width: 300px) 100vw, 300px\" \/>\t\t\t\t\t\t\t\t<\/a>\n\t\t\t\t\t\t\t\t\t\t\t\t\t\t<\/div>\n\t\t\t\t\t\t<\/div>\n\t\t\t\t<\/div>\n\t\t\t\t<section class=\"elementor-section elementor-inner-section elementor-element elementor-element-1574383 elementor-hidden-mobile elementor-section-boxed elementor-section-height-default elementor-section-height-default\" data-id=\"1574383\" data-element_type=\"section\" data-settings=\"{&quot;background_background&quot;:&quot;slideshow&quot;,&quot;background_slideshow_gallery&quot;:[],&quot;background_slideshow_loop&quot;:&quot;yes&quot;,&quot;background_slideshow_slide_duration&quot;:5000,&quot;background_slideshow_slide_transition&quot;:&quot;fade&quot;,&quot;background_slideshow_transition_duration&quot;:500}\">\n\t\t\t\t\t\t<div class=\"elementor-container elementor-column-gap-default\">\n\t\t\t\t\t\t\t<div class=\"elementor-row\">\n\t\t\t\t\t<div class=\"elementor-column elementor-col-50 elementor-inner-column elementor-element elementor-element-84e09f4\" data-id=\"84e09f4\" data-element_type=\"column\">\n\t\t\t<div class=\"elementor-column-wrap elementor-element-populated\">\n\t\t\t\t\t\t\t<div class=\"elementor-widget-wrap\">\n\t\t\t\t\t\t<div class=\"elementor-element elementor-element-361bd84 elementor-widget elementor-widget-spacer\" data-id=\"361bd84\" data-element_type=\"widget\" data-widget_type=\"spacer.default\">\n\t\t\t\t<div class=\"elementor-widget-container\">\n\t\t\t\t\t<div class=\"elementor-spacer\">\n\t\t\t<div class=\"elementor-spacer-inner\"><\/div>\n\t\t<\/div>\n\t\t\t\t<\/div>\n\t\t\t\t<\/div>\n\t\t\t\t<div class=\"elementor-element elementor-element-ee1f6af elementor-widget elementor-widget-heading\" data-id=\"ee1f6af\" data-element_type=\"widget\" data-settings=\"{&quot;_animation&quot;:&quot;none&quot;}\" data-widget_type=\"heading.default\">\n\t\t\t\t<div class=\"elementor-widget-container\">\n\t\t\t<h2 class=\"elementor-heading-title elementor-size-default\"><a href=\"https:\/\/www.makeanimation.it\/es\/project-menu\/\"><span style=\"font-weight: 900\">NUESTROS<\/span> <span style=\"font-weight: 300\">projectos<\/span><\/a><\/h2>\t\t<\/div>\n\t\t\t\t<\/div>\n\t\t\t\t<div class=\"elementor-element elementor-element-c5cfbb5 elementor-widget elementor-widget-heading\" data-id=\"c5cfbb5\" data-element_type=\"widget\" data-widget_type=\"heading.default\">\n\t\t\t\t<div class=\"elementor-widget-container\">\n\t\t\t<h2 class=\"elementor-heading-title elementor-size-default\"><a href=\"https:\/\/www.makeanimation.it\/es\/about-us\/\"><span style=\"font-weight: 900\">BEST<\/span> <span style=\"font-weight: 300;\">team<\/span><\/a><\/h2>\t\t<\/div>\n\t\t\t\t<\/div>\n\t\t\t\t<div class=\"elementor-element elementor-element-c88a93c elementor-widget elementor-widget-heading\" data-id=\"c88a93c\" data-element_type=\"widget\" data-widget_type=\"heading.default\">\n\t\t\t\t<div class=\"elementor-widget-container\">\n\t\t\t<h2 class=\"elementor-heading-title elementor-size-large\"><a href=\"https:\/\/www.makeanimation.it\/es\/school\/\"><span style=\"font-weight: 900\">MAKE<\/span> <span style=\"font-weight: 300;\">school<\/span><\/a><\/h2>\t\t<\/div>\n\t\t\t\t<\/div>\n\t\t\t\t<div class=\"elementor-element elementor-element-334f927 elementor-widget elementor-widget-heading\" data-id=\"334f927\" data-element_type=\"widget\" data-widget_type=\"heading.default\">\n\t\t\t\t<div class=\"elementor-widget-container\">\n\t\t\t<h2 class=\"elementor-heading-title elementor-size-default\"><a href=\"https:\/\/www.makeanimation.it\/es\/contact\/\"><span style=\"font-weight: 900\">CONT<span style=\"font-weight: 300\">\u00e1ctenos<\/span><\/span><\/a><\/h2>\t\t<\/div>\n\t\t\t\t<\/div>\n\t\t\t\t\t\t<\/div>\n\t\t\t\t\t<\/div>\n\t\t<\/div>\n\t\t\t\t<div class=\"elementor-column elementor-col-50 elementor-inner-column elementor-element elementor-element-8ab230e\" data-id=\"8ab230e\" data-element_type=\"column\">\n\t\t\t<div class=\"elementor-column-wrap\">\n\t\t\t\t\t\t\t<div class=\"elementor-widget-wrap\">\n\t\t\t\t\t\t\t\t<\/div>\n\t\t\t\t\t<\/div>\n\t\t<\/div>\n\t\t\t\t\t\t\t\t<\/div>\n\t\t\t\t\t<\/div>\n\t\t<\/section>\n\t\t\t\t\t\t<\/div>\n\t\t\t\t\t<\/div>\n\t\t<\/div>\n\t\t\t\t<div class=\"elementor-column elementor-col-50 elementor-top-column elementor-element elementor-element-504e5e6\" data-id=\"504e5e6\" data-element_type=\"column\">\n\t\t\t<div class=\"elementor-column-wrap elementor-element-populated\">\n\t\t\t\t\t\t\t<div class=\"elementor-widget-wrap\">\n\t\t\t\t\t\t<div class=\"elementor-element elementor-element-2862bb0 elementor-widget elementor-widget-heading\" data-id=\"2862bb0\" data-element_type=\"widget\" data-widget_type=\"heading.default\">\n\t\t\t\t<div class=\"elementor-widget-container\">\n\t\t\t<h2 class=\"elementor-heading-title elementor-size-default\"><span style=\"font-family: Montserrat, sans-serif; font-size: 36px; font-style: normal; font-variant-ligatures: normal; font-variant-caps: normal; font-weight: 900; text-align: center; white-space-collapse: collapse;\">CORE TEAM<\/span><\/h2>\t\t<\/div>\n\t\t\t\t<\/div>\n\t\t\t\t<div class=\"elementor-element elementor-element-12edcae elementor-widget elementor-widget-text-editor\" data-id=\"12edcae\" data-element_type=\"widget\" data-widget_type=\"text-editor.default\">\n\t\t\t\t<div class=\"elementor-widget-container\">\n\t\t\t\t\t\t\t\t<div class=\"elementor-text-editor elementor-clearfix\">\n\t\t\t\t<p class=\" translation-block\">Hemos creado un equipo de excelencia combinando los mejores profesionales del mundo del 3D en sinergia. Realizaci\u00f3n de cortometrajes y largometrajes de animaci\u00f3n como servicio, pero tambi\u00e9n como producci\u00f3n propia con un \u00fanico objetivo, \u00a1la calidad!<\/p>\t\t\t\t\t<\/div>\n\t\t\t\t\t\t<\/div>\n\t\t\t\t<\/div>\n\t\t\t\t<div class=\"elementor-element elementor-element-0e0b84d elementor-arrows-position-inside elementor-pagination-position-outside elementor-widget elementor-widget-image-carousel\" data-id=\"0e0b84d\" data-element_type=\"widget\" data-settings=\"{&quot;slides_to_show&quot;:&quot;7&quot;,&quot;navigation&quot;:&quot;both&quot;,&quot;autoplay&quot;:&quot;yes&quot;,&quot;pause_on_hover&quot;:&quot;yes&quot;,&quot;pause_on_interaction&quot;:&quot;yes&quot;,&quot;autoplay_speed&quot;:5000,&quot;infinite&quot;:&quot;yes&quot;,&quot;speed&quot;:500}\" data-widget_type=\"image-carousel.default\">\n\t\t\t\t<div class=\"elementor-widget-container\">\n\t\t\t\t\t<div class=\"elementor-image-carousel-wrapper swiper-container\" dir=\"ltr\">\n\t\t\t<div class=\"elementor-image-carousel swiper-wrapper\">\n\t\t\t\t\t\t\t\t<div class=\"swiper-slide\"><figure class=\"swiper-slide-inner\"><img decoding=\"async\" class=\"swiper-slide-image\" src=\"https:\/\/www.makeanimation.it\/wp-content\/uploads\/2023\/10\/Arcane_League_of_Legends_Serie_de_TV-624235408-large-202x300.jpg\" alt=\"Arcane_League_of_Legends_Serie_de_TV-624235408-large\" \/><\/figure><\/div><div class=\"swiper-slide\"><figure class=\"swiper-slide-inner\"><img decoding=\"async\" class=\"swiper-slide-image\" src=\"https:\/\/www.makeanimation.it\/wp-content\/uploads\/2023\/10\/Super_Mario_Bros_La_pelaicula-521125124-large-200x300.jpg\" alt=\"Super_Mario_Bros_La_pelaicula-521125124-large\" \/><\/figure><\/div><div class=\"swiper-slide\"><figure class=\"swiper-slide-inner\"><img decoding=\"async\" class=\"swiper-slide-image\" src=\"https:\/\/www.makeanimation.it\/wp-content\/uploads\/2023\/10\/91wNA901VEL._AC_UF10001000_QL80_-200x300.jpg\" alt=\"91wNA901VEL._AC_UF1000,1000_QL80_\" \/><\/figure><\/div><div class=\"swiper-slide\"><figure class=\"swiper-slide-inner\"><img decoding=\"async\" class=\"swiper-slide-image\" src=\"https:\/\/www.makeanimation.it\/wp-content\/uploads\/2023\/10\/Garfield_La_pelaicula-402027000-large-200x300.jpg\" alt=\"Garfield_La_pelaicula-402027000-large\" \/><\/figure><\/div><div class=\"swiper-slide\"><figure class=\"swiper-slide-inner\"><img decoding=\"async\" class=\"swiper-slide-image\" src=\"https:\/\/www.makeanimation.it\/wp-content\/uploads\/2023\/10\/Spirit_Indomable-878005027-large-200x300.jpg\" alt=\"Spirit_Indomable-878005027-large\" \/><\/figure><\/div><div class=\"swiper-slide\"><figure class=\"swiper-slide-inner\"><img decoding=\"async\" class=\"swiper-slide-image\" src=\"https:\/\/www.makeanimation.it\/wp-content\/uploads\/2023\/10\/dd9b696-948b965b-456d-4b60-8399-a1ebd6ecd575-200x300.jpg\" alt=\"dd9b696-948b965b-456d-4b60-8399-a1ebd6ecd575\" \/><\/figure><\/div><div class=\"swiper-slide\"><figure class=\"swiper-slide-inner\"><img decoding=\"async\" class=\"swiper-slide-image\" src=\"https:\/\/www.makeanimation.it\/wp-content\/uploads\/2023\/10\/MV5BMjQ1MzcxNjg4N15BMl5BanBnXkFtZTgwNzgwMjY4MzI@._V1_-200x300.jpg\" alt=\"MV5BMjQ1MzcxNjg4N15BMl5BanBnXkFtZTgwNzgwMjY4MzI@._V1_\" \/><\/figure><\/div><div class=\"swiper-slide\"><figure class=\"swiper-slide-inner\"><img decoding=\"async\" class=\"swiper-slide-image\" src=\"https:\/\/www.makeanimation.it\/wp-content\/uploads\/2023\/10\/810qvQCta-L._AC_UF10001000_QL80_-200x300.jpg\" alt=\"810qvQCta-L._AC_UF1000,1000_QL80_\" \/><\/figure><\/div><div class=\"swiper-slide\"><figure class=\"swiper-slide-inner\"><img decoding=\"async\" class=\"swiper-slide-image\" src=\"https:\/\/www.makeanimation.it\/wp-content\/uploads\/2023\/10\/Entergalactic-881435091-large-200x300.jpg\" alt=\"Entergalactic-881435091-large\" \/><\/figure><\/div><div class=\"swiper-slide\"><figure class=\"swiper-slide-inner\"><img decoding=\"async\" class=\"swiper-slide-image\" src=\"https:\/\/www.makeanimation.it\/wp-content\/uploads\/2023\/10\/Nimona-656758127-large-200x300.jpg\" alt=\"Nimona-656758127-large\" \/><\/figure><\/div><div class=\"swiper-slide\"><figure class=\"swiper-slide-inner\"><img decoding=\"async\" class=\"swiper-slide-image\" src=\"https:\/\/www.makeanimation.it\/wp-content\/uploads\/2023\/11\/MV5BMjRkMjQxNWItZjIxZC00NmI1LWIwNTQtM2Q3ZDBjZDMwZmU2XkEyXkFqcGdeQXVyMTA1NTQ5Nzcz-200x300.png\" alt=\"MV5BMjRkMjQxNWItZjIxZC00NmI1LWIwNTQtM2Q3ZDBjZDMwZmU2XkEyXkFqcGdeQXVyMTA1NTQ5Nzcz\" \/><\/figure><\/div><div class=\"swiper-slide\"><figure class=\"swiper-slide-inner\"><img decoding=\"async\" class=\"swiper-slide-image\" src=\"https:\/\/www.makeanimation.it\/wp-content\/uploads\/2023\/11\/locandinapg1-200x300.png\" alt=\"locandinapg1\" \/><\/figure><\/div><div class=\"swiper-slide\"><figure class=\"swiper-slide-inner\"><img decoding=\"async\" class=\"swiper-slide-image\" src=\"https:\/\/www.makeanimation.it\/wp-content\/uploads\/2023\/11\/image-19-200x300.png\" alt=\"image (19)\" \/><\/figure><\/div><div class=\"swiper-slide\"><figure class=\"swiper-slide-inner\"><img decoding=\"async\" class=\"swiper-slide-image\" src=\"https:\/\/www.makeanimation.it\/wp-content\/uploads\/2023\/11\/image-21-200x300.png\" alt=\"image (21)\" \/><\/figure><\/div><div class=\"swiper-slide\"><figure class=\"swiper-slide-inner\"><img decoding=\"async\" class=\"swiper-slide-image\" src=\"https:\/\/www.makeanimation.it\/wp-content\/uploads\/2023\/11\/image-20-200x300.png\" alt=\"image (20)\" \/><\/figure><\/div><div class=\"swiper-slide\"><figure class=\"swiper-slide-inner\"><img decoding=\"async\" class=\"swiper-slide-image\" src=\"https:\/\/www.makeanimation.it\/wp-content\/uploads\/2023\/11\/image-18-200x300.png\" alt=\"image (18)\" \/><\/figure><\/div><div class=\"swiper-slide\"><figure class=\"swiper-slide-inner\"><img decoding=\"async\" class=\"swiper-slide-image\" src=\"https:\/\/www.makeanimation.it\/wp-content\/uploads\/2023\/11\/hod-200x300.jpg\" alt=\"hod\" \/><\/figure><\/div><div class=\"swiper-slide\"><figure class=\"swiper-slide-inner\"><img decoding=\"async\" class=\"swiper-slide-image\" src=\"https:\/\/www.makeanimation.it\/wp-content\/uploads\/2023\/11\/171735-255-250x375-1-200x300.jpg\" alt=\"171735-255-250x375\" \/><\/figure><\/div>\t\t\t<\/div>\n\t\t\t\t\t\t\t\t\t\t\t\t<div class=\"swiper-pagination\"><\/div>\n\t\t\t\t\t\t\t\t\t\t\t\t\t<div class=\"elementor-swiper-button elementor-swiper-button-prev\">\n\t\t\t\t\t\t<i class=\"eicon-chevron-left\" aria-hidden=\"true\"><\/i>\n\t\t\t\t\t\t<span class=\"elementor-screen-only\">Anterior<\/span>\n\t\t\t\t\t<\/div>\n\t\t\t\t\t<div class=\"elementor-swiper-button elementor-swiper-button-next\">\n\t\t\t\t\t\t<i class=\"eicon-chevron-right\" aria-hidden=\"true\"><\/i>\n\t\t\t\t\t\t<span class=\"elementor-screen-only\">Siguiente<\/span>\n\t\t\t\t\t<\/div>\n\t\t\t\t\t\t\t\t\t<\/div>\n\t\t\t\t<\/div>\n\t\t\t\t<\/div>\n\t\t\t\t<div class=\"elementor-element elementor-element-c13581e elementor-align-right elementor-widget elementor-widget-button\" data-id=\"c13581e\" data-element_type=\"widget\" data-widget_type=\"button.default\">\n\t\t\t\t<div class=\"elementor-widget-container\">\n\t\t\t\t\t<div class=\"elementor-button-wrapper\">\n\t\t\t<a href=\"#\" class=\"elementor-button-link elementor-button elementor-size-sm\" role=\"button\">\n\t\t\t\t\t\t<span class=\"elementor-button-content-wrapper\">\n\t\t\t\t\t\t<span class=\"elementor-button-text\">conocer a los profesionales<\/span>\n\t\t<\/span>\n\t\t\t\t\t<\/a>\n\t\t<\/div>\n\t\t\t\t<\/div>\n\t\t\t\t<\/div>\n\t\t\t\t\t\t<\/div>\n\t\t\t\t\t<\/div>\n\t\t<\/div>\n\t\t\t\t\t\t\t\t<\/div>\n\t\t\t\t\t<\/div>\n\t\t<\/section>\n\t\t\t\t<section class=\"elementor-section elementor-top-section elementor-element elementor-element-6d63021 elementor-section-boxed elementor-section-height-default elementor-section-height-default\" data-id=\"6d63021\" data-element_type=\"section\">\n\t\t\t\t\t\t<div class=\"elementor-container elementor-column-gap-default\">\n\t\t\t\t\t\t\t<div class=\"elementor-row\">\n\t\t\t\t\t<div class=\"elementor-column elementor-col-50 elementor-top-column elementor-element elementor-element-3aea9b6\" data-id=\"3aea9b6\" data-element_type=\"column\">\n\t\t\t<div class=\"elementor-column-wrap elementor-element-populated\">\n\t\t\t\t\t\t\t<div class=\"elementor-widget-wrap\">\n\t\t\t\t\t\t<div class=\"elementor-element elementor-element-c530d52 elementor-widget elementor-widget-image\" data-id=\"c530d52\" data-element_type=\"widget\" data-widget_type=\"image.default\">\n\t\t\t\t<div class=\"elementor-widget-container\">\n\t\t\t\t\t\t\t\t<div class=\"elementor-image\">\n\t\t\t\t\t\t\t\t\t\t\t\t<img loading=\"lazy\" decoding=\"async\" width=\"592\" height=\"11\" src=\"https:\/\/www.makeanimation.it\/wp-content\/uploads\/2022\/10\/intestazione-desktop.png\" class=\"attachment-large size-large\" alt=\"\" srcset=\"https:\/\/www.makeanimation.it\/wp-content\/uploads\/2022\/10\/intestazione-desktop.png 592w, https:\/\/www.makeanimation.it\/wp-content\/uploads\/2022\/10\/intestazione-desktop-300x6.png 300w, https:\/\/www.makeanimation.it\/wp-content\/uploads\/2022\/10\/intestazione-desktop-18x1.png 18w\" sizes=\"auto, (max-width: 592px) 100vw, 592px\" \/>\t\t\t\t\t\t\t\t\t\t\t\t\t\t<\/div>\n\t\t\t\t\t\t<\/div>\n\t\t\t\t<\/div>\n\t\t\t\t\t\t<\/div>\n\t\t\t\t\t<\/div>\n\t\t<\/div>\n\t\t\t\t<div class=\"elementor-column elementor-col-50 elementor-top-column elementor-element elementor-element-9b8b7ac\" data-id=\"9b8b7ac\" data-element_type=\"column\">\n\t\t\t<div class=\"elementor-column-wrap elementor-element-populated\">\n\t\t\t\t\t\t\t<div class=\"elementor-widget-wrap\">\n\t\t\t\t\t\t<div class=\"elementor-element elementor-element-0030a6b elementor-widget elementor-widget-text-editor\" data-id=\"0030a6b\" data-element_type=\"widget\" data-widget_type=\"text-editor.default\">\n\t\t\t\t<div class=\"elementor-widget-container\">\n\t\t\t\t\t\t\t\t<div class=\"elementor-text-editor elementor-clearfix\">\n\t\t\t\t<p><a href=\"https:\/\/www.makeanimation.it\/es\/privacy-policy-2\/\">Privacy Policy<\/a><\/p>\t\t\t\t\t<\/div>\n\t\t\t\t\t\t<\/div>\n\t\t\t\t<\/div>\n\t\t\t\t\t\t<\/div>\n\t\t\t\t\t<\/div>\n\t\t<\/div>\n\t\t\t\t\t\t\t\t<\/div>\n\t\t\t\t\t<\/div>\n\t\t<\/section>\n\t\t\t\t\t\t<\/div>\n\t\t\t\t\t\t<\/div>\n\t\t\t\t\t<\/div>","protected":false},"excerpt":{"rendered":"<p>OUR project BEST team MAKE school CONTact CORE TEAM Abbiamo costituito un team d\u2019eccellenza unendo in sinergia le migliori professionalit\u00e0 del mondo del 3D italiane ed estere.Realizzare cortometraggi e animation feature film sia come service, ma anche come propria produzione con un obbiettivo unico, la qualit\u00e0! Precedente Successivo incontra i professionisti Privacy Policy<\/p>","protected":false},"author":1,"featured_media":0,"parent":0,"menu_order":0,"comment_status":"closed","ping_status":"closed","template":"elementor_canvas","meta":{"footnotes":""},"class_list":["post-508","page","type-page","status-publish","hentry","entry"],"_links":{"self":[{"href":"https:\/\/www.makeanimation.it\/es\/wp-json\/wp\/v2\/pages\/508","targetHints":{"allow":["GET"]}}],"collection":[{"href":"https:\/\/www.makeanimation.it\/es\/wp-json\/wp\/v2\/pages"}],"about":[{"href":"https:\/\/www.makeanimation.it\/es\/wp-json\/wp\/v2\/types\/page"}],"author":[{"embeddable":true,"href":"https:\/\/www.makeanimation.it\/es\/wp-json\/wp\/v2\/users\/1"}],"replies":[{"embeddable":true,"href":"https:\/\/www.makeanimation.it\/es\/wp-json\/wp\/v2\/comments?post=508"}],"version-history":[{"count":313,"href":"https:\/\/www.makeanimation.it\/es\/wp-json\/wp\/v2\/pages\/508\/revisions"}],"predecessor-version":[{"id":3687,"href":"https:\/\/www.makeanimation.it\/es\/wp-json\/wp\/v2\/pages\/508\/revisions\/3687"}],"wp:attachment":[{"href":"https:\/\/www.makeanimation.it\/es\/wp-json\/wp\/v2\/media?parent=508"}],"curies":[{"name":"wp","href":"https:\/\/api.w.org\/{rel}","templated":true}]}}